{"id":3048,"date":"2021-08-11T21:28:29","date_gmt":"2021-08-11T21:28:29","guid":{"rendered":"https:\/\/krzysztofkosowski.art\/wiecej-informacji-o-cookies\/"},"modified":"2021-08-11T21:28:30","modified_gmt":"2021-08-11T21:28:30","slug":"wiecej-informacji-o-cookies","status":"publish","type":"page","link":"https:\/\/krzysztofkosowski.art\/pl\/wiecej-informacji-o-cookies\/","title":{"rendered":"Wi\u0119cej informacji o cookies"},"content":{"rendered":"<div class=\"fusion-fullwidth fullwidth-box fusion-builder-row-1 fusion-flex-container nonhundred-percent-fullwidth non-hundred-percent-height-scrolling\" style=\"--awb-border-radius-top-left:0px;--awb-border-radius-top-right:0px;--awb-border-radius-bottom-right:0px;--awb-border-radius-bottom-left:0px;--awb-flex-wrap:wrap;\" ><div class=\"fusion-builder-row fusion-row fusion-flex-align-items-flex-start fusion-flex-content-wrap\" style=\"max-width:83.2%;margin-left: calc(-4% \/ 2 );margin-right: calc(-4% \/ 2 );\"><div class=\"fusion-layout-column fusion_builder_column fusion-builder-column-0 fusion_builder_column_1_1 1_1 fusion-flex-column\" style=\"--awb-bg-size:cover;--awb-width-large:100%;--awb-margin-top-large:20px;--awb-spacing-right-large:1.92%;--awb-margin-bottom-large:20px;--awb-spacing-left-large:1.92%;--awb-width-medium:100%;--awb-order-medium:0;--awb-spacing-right-medium:1.92%;--awb-spacing-left-medium:1.92%;--awb-width-small:100%;--awb-order-small:0;--awb-spacing-right-small:1.92%;--awb-spacing-left-small:1.92%;\"><div class=\"fusion-column-wrapper fusion-column-has-shadow fusion-flex-justify-content-flex-start fusion-content-layout-column\"><div class=\"fusion-text fusion-text-1\"><section id=\"content\">\n<div id=\"post-1152\" class=\"post-1152 page type-page status-publish hentry\">\n<div class=\"post-content\">\n<div class=\"fusion-text\">\n<h3 data-fontsize=\"24\" data-lineheight=\"30\">Co to jest cookie?<\/h3>\n<p> <em>Cookie<\/em> to <b>nieszkodliwy<\/b> plik tekstowy, kt\u00f3ry jest przechowywany w przegl\u0105darce podczas odwiedzania prawie ka\u017cdej strony internetowej. U\u017cyteczno\u015b\u0107 <em>cookie<\/em> polega na tym, \u017ce strona jest w stanie zapami\u0119ta\u0107 Twoj\u0105 wizyt\u0119, kiedy wracasz na t\u0119 stron\u0119. Chocia\u017c wiele os\u00f3b o tym nie wie, <em>cookies<\/em> s\u0105 u\u017cywane od 20 lat, odk\u0105d pojawi\u0142y si\u0119 pierwsze przegl\u0105darki internetowe dla World Wide Web.<\/p>\n<h3 data-fontsize=\"24\" data-lineheight=\"30\">Co nie jest cookie?<\/h3>\n<p>Nie jest to wirus, trojan, spam, spyware ani pop-up.<\/p>\n<h3 data-fontsize=\"24\" data-lineheight=\"30\">Jakie informacje przechowuje <em>cookie<\/em>?<\/h3>\n<p> <em>Cookies<\/em> zazwyczaj nie przechowuj\u0105 wra\u017cliwych informacji o u\u017cytkowniku, takich jak dane karty kredytowej lub dane bankowe, zdj\u0119cia, dow\u00f3d osobisty lub dane osobiste, itp. Dane, kt\u00f3re s\u0105 przez nie przechowywane, maj\u0105 charakter techniczny, dotycz\u0105 osobistych preferencji, personalizacji tre\u015bci, itp.  <\/p>\n<p>Serwer internetowy nie kojarzy Ci\u0119 jako osoby, lecz Twoj\u0105 przegl\u0105dark\u0119. W rzeczywisto\u015bci, je\u015bli zwykle przegl\u0105dasz strony za pomoc\u0105 internetu Explorer i spr\u00f3bujesz odwiedzi\u0107 t\u0119 sam\u0105 stron\u0119 za pomoc\u0105 Firefoxa lub Chrome, zobaczysz, \u017ce sie\u0107 nie zdaje sobie sprawy, \u017ce jeste\u015b t\u0105 sam\u0105 osob\u0105, poniewa\u017c w rzeczywisto\u015bci kojarzy przegl\u0105dark\u0119, a nie osob\u0119. .<\/p>\n<h3 data-fontsize=\"24\" data-lineheight=\"30\">Jakie s\u0105 rodzaje <em>cookies<\/em>?<\/h3>\n<ul>\n<li><em>Cookies<\/em> techniczne: S\u0105 najbardziej podstawowe i pozwalaj\u0105, mi\u0119dzy innymi, dowiedzie\u0107 si\u0119, kiedy cz\u0142owiek lub zautomatyzowana aplikacja przegl\u0105da stron\u0119, kiedy anonimowy u\u017cytkownik i ten zarejestrowany przegl\u0105daj\u0105 stron\u0119, to podstawowe zadania, kt\u00f3re pomagaj\u0105 w dzia\u0142aniu ka\u017cdej dynamicznej strony internetowej.<\/li>\n<li><em>Cookies<\/em> do analizy: Zbieraj\u0105 informacje na temat rodzaju przegl\u0105dania, sekcji, z kt\u00f3rych korzystasz najcz\u0119\u015bciej, konsultowanych produkt\u00f3w, czasu korzystania, j\u0119zyka, itp.<\/li>\n<li><em>Cookies<\/em> reklamowe: Te pokazuj\u0105 reklamy w oparciu o nawyki przegl\u0105dania, kraj pochodzenia, j\u0119zyk, itp.<\/li>\n<\/ul>\n<h3 data-fontsize=\"24\" data-lineheight=\"30\">Czym s\u0105 pliki <em>cookies<\/em> w\u0142asne i cudze<\/h3>\n<p><em>Cookies w\u0142asne<\/em> to pliki generowane przez stron\u0119, kt\u00f3r\u0105 odwiedzasz, a <em>cudze<\/em> to pliki generowane przez zewn\u0119trzne us\u0142ugi lub strony, takie jak: Facebook, Twitter, Google, itp.<\/p>\n<h3 data-fontsize=\"24\" data-lineheight=\"30\">Co si\u0119 stanie jak wy\u0142\u0105cz\u0119 <em>cookies<\/em>?<\/h3>\n<p>Aby\u015b zrozumia\u0142 zakres, jaki mo\u017ce mie\u0107 wy\u0142\u0105czenie <em>cookies<\/em> oto kilka przyk\u0142ad\u00f3w:<\/p>\n<ul>\n<li>Nie b\u0119dziesz m\u00f3g\u0142 udost\u0119pnia\u0107 tre\u015bci ze strony na Facebooku, Twitterze lub innej sieci spo\u0142eczno\u015bciowej.<\/li>\n<li>Strona internetowa nie b\u0119dzie w stanie dostosowa\u0107 tre\u015bci do Twoich osobistych preferencji, jak to cz\u0119sto ma miejsce w przypadku sklep\u00f3w internetowych.<\/li>\n<li>U\u017cytkownik nie b\u0119dzie m\u00f3g\u0142 uzyska\u0107 dost\u0119pu do obszaru klienta, takiego jak <em>Moje konto<\/em>, o <em>M\u00f3j profil<\/em> o <em>Moje zam\u00f3wienia<\/em>.<\/li>\n<li>Sklepy internetowe: Nie b\u0119dzie mo\u017cna robi\u0107 zakup\u00f3w przez internet, trzeba b\u0119dzie to robi\u0107 przez telefon lub odwiedzaj\u0105c fizyczny sklep, je\u015bli taki istnieje.<\/li>\n<li>Nie b\u0119dzie mo\u017cliwe dostosowanie preferencji geograficznych u\u017cytkownika, takich jak strefa czasowa, waluta czy j\u0119zyk.<\/li>\n<li>Strona internetowa nie b\u0119dzie mog\u0142a prowadzi\u0107 analityki odwiedzin i ruchu na stronie, co utrudni jej konkurencyjno\u015b\u0107.<\/li>\n<li>Nie b\u0119dzie mo\u017cna pisa\u0107 na blogu, przesy\u0142a\u0107 zdj\u0119\u0107, zamieszcza\u0107 komentarzy, ocenia\u0107 tre\u015bci. Strona nie b\u0119dzie w stanie stwierdzi\u0107, czy u\u017cytkownik jest cz\u0142owiekiem, czy automatyczn\u0105 aplikacj\u0105, kt\u00f3ra publikuje <em>spam<\/em>.<\/li>\n<li>Nie b\u0119dzie mo\u017cliwe wy\u015bwietlanie personalizowanych reklam, co spowoduje zmniejszenie przychod\u00f3w z reklam na stronie internetowej.<\/li>\n<li>Wszystkie media spo\u0142eczno\u015bciowe u\u017cywaj\u0105 <em>cookies<\/em>, je\u015bli je wy\u0142\u0105czysz, nie b\u0119dziesz m\u00f3g\u0142 korzysta\u0107 z \u017cadnych medi\u00f3w spo\u0142eczno\u015bciowych.<\/li>\n<\/ul>\n<h3 data-fontsize=\"24\" data-lineheight=\"30\">Mo\u017cna usun\u0105\u0107 <em>cookies<\/em>?<\/h3>\n<p>Tak. Nie tylko usun\u0105\u0107, ale r\u00f3wnie\u017c zablokowa\u0107 w spos\u00f3b og\u00f3lny lub tylko dla konkretnej domeny.<\/p>\n<p>Aby usun\u0105\u0107 <em>cookies<\/em> ze strony internetowej, nale\u017cy przej\u015b\u0107 do ustawie\u0144 przegl\u0105darki i tam wyszuka\u0107 tych, kt\u00f3re zwi\u0105zane z dan\u0105 domen\u0105 i usun\u0105\u0107 je.<\/p>\n<h3 id=\"przegl\u0105darki\" data-fontsize=\"24\" data-lineheight=\"30\">Ustawienia <em>cookies<\/em> w najpopularniejszych przegl\u0105darkach<\/h3>\n<p>Oto jak uzyska\u0107 dost\u0119p do konkretnego <em>cookie<\/em> w przegl\u0105darce <b>Chrome<\/b>. Uwaga: te kroki mog\u0105 si\u0119 r\u00f3\u017cni\u0107 w zale\u017cno\u015bci od wersji przegl\u0105darki:<\/p>\n<ol>\n<li>Przejd\u017a do Ustawie\u0144 lub Preferencji poprzez menu, Plik lub klikaj\u0105c na ikon\u0119 dostosowywania w prawym g\u00f3rnym rogu.<\/li>\n<li>Zobaczysz r\u00f3\u017cne sekcje, kliknij na <em>Poka\u017c zaawansowane opcje<\/em>.<\/li>\n<li>Przejd\u017a do <em>Prywatno\u015b\u0107<\/em>, <em>Ustawienia tre\u015bci<\/em>.<\/li>\n<li>Wybierz <em>Wszystkie pliki cookies i dane witryny<\/em>.<\/li>\n<li>Wy\u015bwietli si\u0119 lista ze wszystkimi <em>cookies<\/em>posortowanymi wed\u0142ug domeny. Aby u\u0142atwi\u0107 znalezienie <em>cookies<\/em> konkretnej domeny, wpisz cz\u0119\u015b\u0107 lub ca\u0142y adres w polu <em>Znajd\u017a cookies<\/em>.<\/li>\n<li>Po wykonaniu tego filtra, na ekranie pojawi si\u0119 jedna lub wi\u0119cej linii z <em>cookies<\/em> \u017c\u0105danej strony internetowej. Teraz wystarczy go wybra\u0107 i nacisn\u0105\u0107 klawisz <em>X<\/em> aby go usun\u0105\u0107.<\/li>\n<\/ol>\n<p>Aby uzyska\u0107 dost\u0119p do konfiguracji <em>cookies<\/em> w przegl\u0105darce <b>Internet Explorer<\/b> wykonaj nast\u0119puj\u0105ce kroki (mog\u0105 si\u0119 one r\u00f3\u017cni\u0107 w zale\u017cno\u015bci od wersji przegl\u0105darki):<\/p>\n<ol>\n<li>Przejd\u017a do<em>Narz\u0119dzia<\/em>, <em>Opcje internetowe<\/em><\/li>\n<li>Kliknij na <em>Prywatno\u015b\u0107<\/em>.<\/li>\n<li>Przesu\u0144 suwak, aby ustawi\u0107 \u017c\u0105dany poziom prywatno\u015bci.<\/li>\n<\/ol>\n<p>Aby uzyska\u0107 dost\u0119p do konfiguracji <em>cookies<\/em> w przegl\u0105darce <b>Firefox<\/b> wykonaj nast\u0119puj\u0105ce korki (mog\u0105 si\u0119 one r\u00f3\u017cni\u0107 w zale\u017cno\u015bci od wersji przegl\u0105darki):<\/p>\n<ol>\n<li>Przejd\u017a do <em>Opcje<\/em> lub <em>Preferencje<\/em>w zale\u017cno\u015bci od systemu operacyjnego.<\/li>\n<li>Kliknij na <em>Prywatno\u015b\u0107<\/em>.<\/li>\n<li> W zak\u0142adce <em>Historia<\/em> wybierz <em>U\u017cyj ustawie\u0144 niestandardowych dla historii<\/em>.<\/li>\n<li>Zobaczysz teraz opcj\u0119 <em>Akceptuj cookies<\/em>, mo\u017cesz j\u0105 aktywowa\u0107 lub dezaktywowa\u0107 zgodnie z Twoimi preferencjami.<\/li>\n<\/ol>\n<p>Aby uzyska\u0107 dost\u0119p do ustawie\u0144 <em>cookies<\/em> przegl\u0105darki <b>Safari dla OSX<\/b> , wykonaj nast\u0119puj\u0105ce kroki (mog\u0105 si\u0119 r\u00f3\u017cni\u0107 w zale\u017cno\u015bci od wersji przegl\u0105darki):<\/p>\n<ol>\n<li>Przejd\u017a do <em>Preferencje<\/em>, a nast\u0119pnie  <em>Prywatno\u015b\u0107<\/em>.<\/li>\n<li>W tym miejscu zobaczysz opcj\u0119 <em>Zablokuj cookies<\/em>, aby\u015b m\u00f3g\u0142 dostosowa\u0107 rodzaj blokowania, kt\u00f3ry chcesz wykona\u0107.<\/li>\n<\/ol>\n<p>Aby uzyska\u0107 dost\u0119p do ustawie\u0144 <em>cookies<\/em> przegl\u0105darki <b>Safari dla iOS<\/b>, wykonaj nast\u0119puj\u0105ce kroki (mog\u0105 si\u0119 r\u00f3\u017cni\u0107 w zale\u017cno\u015bci od wersji przegl\u0105darki):<\/p>\n<ol>\n<li>Przejd\u017a do <em>Ustawienia<\/em>, a nast\u0119pnie <em>Safari<\/em>.<\/li>\n<li>Przejd\u017a do <em>Prywatno\u015b\u0107 i Bezpiecze\u0144stwo<\/em>, zobaczysz opcj\u0119 <em>Zablokuj cookies<\/em> aby\u015b m\u00f3g\u0142 dostosowa\u0107 rodzaj blokowania, kt\u00f3ry chcesz wykona\u0107.<\/li>\n<\/ol>\n<p>Aby uzyska\u0107 dost\u0119p do ustawie\u0144 <em>cookies<\/em> przegl\u0105darki dla urz\u0105dze\u0144 z systemem<b>Android<\/b>, wykonaj nast\u0119puj\u0105ce kroki (mog\u0105 si\u0119 r\u00f3\u017cni\u0107 w zale\u017cno\u015bci od wersji przegl\u0105darki):<\/p>\n<ol>\n<li>Uruchom przegl\u0105dark\u0119 i naci\u015bnij klawisz <em>Menu<\/em>, a nast\u0119pnie <em>Ustawienia<\/em>.<\/li>\n<li>Przejd\u017a do <em>Bezpiecze\u0144stwo i Prywatno\u015b\u0107<\/em>, zobaczysz opcj\u0119 <em>Akceptuj cookies<\/em>, aby zaznaczy\u0107 lub odznaczy\u0107 pole.<\/li>\n<\/ol>\n<p>Aby uzyska\u0107 dost\u0119p do ustawie\u0144 <em>cookies<\/em> przegl\u0105darki dla urz\u0105dze\u0144 <b>Windows Phone<\/b>, wykonaj nast\u0119puj\u0105ce kroki (mog\u0105 si\u0119 r\u00f3\u017cni\u0107 w zale\u017cno\u015bci od wersji przegl\u0105darki):<\/p>\n<ol>\n<li>Otw\u00f3rz <em>Internet Explorer<\/em>, a nast\u0119pnie <em>Wi\u0119cej<\/em>, potem <em>Ustawienia<\/em><\/li>\n<li>Mo\u017cesz teraz zaznaczy\u0107 lub odznaczy\u0107 pole <em>Zezw\u00f3l na cookies<\/em>.<\/li>\n<\/ol>\n<\/div>\n<\/div>\n<\/div>\n<\/section>\n<\/div><\/div><\/div><\/div><\/div>\n","protected":false},"excerpt":{"rendered":"","protected":false},"author":1,"featured_media":0,"parent":0,"menu_order":0,"comment_status":"closed","ping_status":"closed","template":"","meta":{"footnotes":""},"class_list":["post-3048","page","type-page","status-publish","hentry"],"yoast_head":"<!-- This site is optimized with the Yoast SEO plugin v26.2 - https:\/\/yoast.com\/wordpress\/plugins\/seo\/ -->\n<title>Wi\u0119cej informacji o cookies - WEB OFICIAL KRZYSZTOF KOSOWSKI<\/title>\n<meta name=\"robots\" content=\"index, follow, max-snippet:-1, max-image-preview:large, max-video-preview:-1\" \/>\n<link rel=\"canonical\" href=\"https:\/\/krzysztofkosowski.art\/pl\/wiecej-informacji-o-cookies\/\" \/>\n<meta property=\"og:locale\" content=\"pl_PL\" \/>\n<meta property=\"og:type\" content=\"article\" \/>\n<meta property=\"og:title\" content=\"Wi\u0119cej informacji o cookies - WEB OFICIAL KRZYSZTOF KOSOWSKI\" \/>\n<meta property=\"og:url\" content=\"https:\/\/krzysztofkosowski.art\/pl\/wiecej-informacji-o-cookies\/\" \/>\n<meta property=\"og:site_name\" content=\"WEB OFICIAL KRZYSZTOF KOSOWSKI\" \/>\n<meta property=\"article:publisher\" content=\"https:\/\/es-es.facebook.com\/people\/Krzysztof-Kosowski\/100063014959674\/\" \/>\n<meta property=\"article:modified_time\" content=\"2021-08-11T21:28:30+00:00\" \/>\n<meta name=\"twitter:card\" content=\"summary_large_image\" \/>\n<meta name=\"twitter:label1\" content=\"Szacowany czas czytania\" \/>\n\t<meta name=\"twitter:data1\" content=\"8 minut\" \/>\n<script type=\"application\/ld+json\" class=\"yoast-schema-graph\">{\"@context\":\"https:\/\/schema.org\",\"@graph\":[{\"@type\":\"WebPage\",\"@id\":\"https:\/\/krzysztofkosowski.art\/pl\/wiecej-informacji-o-cookies\/\",\"url\":\"https:\/\/krzysztofkosowski.art\/pl\/wiecej-informacji-o-cookies\/\",\"name\":\"Wi\u0119cej informacji o cookies - WEB OFICIAL KRZYSZTOF KOSOWSKI\",\"isPartOf\":{\"@id\":\"https:\/\/krzysztofkosowski.art\/pl\/#website\"},\"datePublished\":\"2021-08-11T21:28:29+00:00\",\"dateModified\":\"2021-08-11T21:28:30+00:00\",\"breadcrumb\":{\"@id\":\"https:\/\/krzysztofkosowski.art\/pl\/wiecej-informacji-o-cookies\/#breadcrumb\"},\"inLanguage\":\"pl-PL\",\"potentialAction\":[{\"@type\":\"ReadAction\",\"target\":[\"https:\/\/krzysztofkosowski.art\/pl\/wiecej-informacji-o-cookies\/\"]}]},{\"@type\":\"BreadcrumbList\",\"@id\":\"https:\/\/krzysztofkosowski.art\/pl\/wiecej-informacji-o-cookies\/#breadcrumb\",\"itemListElement\":[{\"@type\":\"ListItem\",\"position\":1,\"name\":\"Portada\",\"item\":\"https:\/\/krzysztofkosowski.art\/pl\/\"},{\"@type\":\"ListItem\",\"position\":2,\"name\":\"Wi\u0119cej informacji o cookies\"}]},{\"@type\":\"WebSite\",\"@id\":\"https:\/\/krzysztofkosowski.art\/pl\/#website\",\"url\":\"https:\/\/krzysztofkosowski.art\/pl\/\",\"name\":\"WEB OFICIAL Krzysztof Kosowski\",\"description\":\"Obra y exposiciones\",\"publisher\":{\"@id\":\"https:\/\/krzysztofkosowski.art\/pl\/#organization\"},\"potentialAction\":[{\"@type\":\"SearchAction\",\"target\":{\"@type\":\"EntryPoint\",\"urlTemplate\":\"https:\/\/krzysztofkosowski.art\/pl\/?s={search_term_string}\"},\"query-input\":{\"@type\":\"PropertyValueSpecification\",\"valueRequired\":true,\"valueName\":\"search_term_string\"}}],\"inLanguage\":\"pl-PL\"},{\"@type\":\"Organization\",\"@id\":\"https:\/\/krzysztofkosowski.art\/pl\/#organization\",\"name\":\"Krzysztof Kosowski\",\"url\":\"https:\/\/krzysztofkosowski.art\/pl\/\",\"logo\":{\"@type\":\"ImageObject\",\"inLanguage\":\"pl-PL\",\"@id\":\"https:\/\/krzysztofkosowski.art\/pl\/#\/schema\/logo\/image\/\",\"url\":\"https:\/\/krzysztofkosowski.art\/wp-content\/uploads\/2021\/07\/neu_port_35.jpg\",\"contentUrl\":\"https:\/\/krzysztofkosowski.art\/wp-content\/uploads\/2021\/07\/neu_port_35.jpg\",\"width\":333,\"height\":500,\"caption\":\"Krzysztof Kosowski\"},\"image\":{\"@id\":\"https:\/\/krzysztofkosowski.art\/pl\/#\/schema\/logo\/image\/\"},\"sameAs\":[\"https:\/\/es-es.facebook.com\/people\/Krzysztof-Kosowski\/100063014959674\/\"]}]}<\/script>\n<!-- \/ Yoast SEO plugin. -->","yoast_head_json":{"title":"Wi\u0119cej informacji o cookies - WEB OFICIAL KRZYSZTOF KOSOWSKI","robots":{"index":"index","follow":"follow","max-snippet":"max-snippet:-1","max-image-preview":"max-image-preview:large","max-video-preview":"max-video-preview:-1"},"canonical":"https:\/\/krzysztofkosowski.art\/pl\/wiecej-informacji-o-cookies\/","og_locale":"pl_PL","og_type":"article","og_title":"Wi\u0119cej informacji o cookies - WEB OFICIAL KRZYSZTOF KOSOWSKI","og_url":"https:\/\/krzysztofkosowski.art\/pl\/wiecej-informacji-o-cookies\/","og_site_name":"WEB OFICIAL KRZYSZTOF KOSOWSKI","article_publisher":"https:\/\/es-es.facebook.com\/people\/Krzysztof-Kosowski\/100063014959674\/","article_modified_time":"2021-08-11T21:28:30+00:00","twitter_card":"summary_large_image","twitter_misc":{"Szacowany czas czytania":"8 minut"},"schema":{"@context":"https:\/\/schema.org","@graph":[{"@type":"WebPage","@id":"https:\/\/krzysztofkosowski.art\/pl\/wiecej-informacji-o-cookies\/","url":"https:\/\/krzysztofkosowski.art\/pl\/wiecej-informacji-o-cookies\/","name":"Wi\u0119cej informacji o cookies - WEB OFICIAL KRZYSZTOF KOSOWSKI","isPartOf":{"@id":"https:\/\/krzysztofkosowski.art\/pl\/#website"},"datePublished":"2021-08-11T21:28:29+00:00","dateModified":"2021-08-11T21:28:30+00:00","breadcrumb":{"@id":"https:\/\/krzysztofkosowski.art\/pl\/wiecej-informacji-o-cookies\/#breadcrumb"},"inLanguage":"pl-PL","potentialAction":[{"@type":"ReadAction","target":["https:\/\/krzysztofkosowski.art\/pl\/wiecej-informacji-o-cookies\/"]}]},{"@type":"BreadcrumbList","@id":"https:\/\/krzysztofkosowski.art\/pl\/wiecej-informacji-o-cookies\/#breadcrumb","itemListElement":[{"@type":"ListItem","position":1,"name":"Portada","item":"https:\/\/krzysztofkosowski.art\/pl\/"},{"@type":"ListItem","position":2,"name":"Wi\u0119cej informacji o cookies"}]},{"@type":"WebSite","@id":"https:\/\/krzysztofkosowski.art\/pl\/#website","url":"https:\/\/krzysztofkosowski.art\/pl\/","name":"WEB OFICIAL Krzysztof Kosowski","description":"Obra y exposiciones","publisher":{"@id":"https:\/\/krzysztofkosowski.art\/pl\/#organization"},"potentialAction":[{"@type":"SearchAction","target":{"@type":"EntryPoint","urlTemplate":"https:\/\/krzysztofkosowski.art\/pl\/?s={search_term_string}"},"query-input":{"@type":"PropertyValueSpecification","valueRequired":true,"valueName":"search_term_string"}}],"inLanguage":"pl-PL"},{"@type":"Organization","@id":"https:\/\/krzysztofkosowski.art\/pl\/#organization","name":"Krzysztof Kosowski","url":"https:\/\/krzysztofkosowski.art\/pl\/","logo":{"@type":"ImageObject","inLanguage":"pl-PL","@id":"https:\/\/krzysztofkosowski.art\/pl\/#\/schema\/logo\/image\/","url":"https:\/\/krzysztofkosowski.art\/wp-content\/uploads\/2021\/07\/neu_port_35.jpg","contentUrl":"https:\/\/krzysztofkosowski.art\/wp-content\/uploads\/2021\/07\/neu_port_35.jpg","width":333,"height":500,"caption":"Krzysztof Kosowski"},"image":{"@id":"https:\/\/krzysztofkosowski.art\/pl\/#\/schema\/logo\/image\/"},"sameAs":["https:\/\/es-es.facebook.com\/people\/Krzysztof-Kosowski\/100063014959674\/"]}]}},"_links":{"self":[{"href":"https:\/\/krzysztofkosowski.art\/pl\/wp-json\/wp\/v2\/pages\/3048","targetHints":{"allow":["GET"]}}],"collection":[{"href":"https:\/\/krzysztofkosowski.art\/pl\/wp-json\/wp\/v2\/pages"}],"about":[{"href":"https:\/\/krzysztofkosowski.art\/pl\/wp-json\/wp\/v2\/types\/page"}],"author":[{"embeddable":true,"href":"https:\/\/krzysztofkosowski.art\/pl\/wp-json\/wp\/v2\/users\/1"}],"replies":[{"embeddable":true,"href":"https:\/\/krzysztofkosowski.art\/pl\/wp-json\/wp\/v2\/comments?post=3048"}],"version-history":[{"count":2,"href":"https:\/\/krzysztofkosowski.art\/pl\/wp-json\/wp\/v2\/pages\/3048\/revisions"}],"predecessor-version":[{"id":3050,"href":"https:\/\/krzysztofkosowski.art\/pl\/wp-json\/wp\/v2\/pages\/3048\/revisions\/3050"}],"wp:attachment":[{"href":"https:\/\/krzysztofkosowski.art\/pl\/wp-json\/wp\/v2\/media?parent=3048"}],"curies":[{"name":"wp","href":"https:\/\/api.w.org\/{rel}","templated":true}]}}