{"id":3291,"date":"2021-08-12T08:34:53","date_gmt":"2021-08-12T08:34:53","guid":{"rendered":"https:\/\/krzysztofkosowski.art\/nota-prawna\/"},"modified":"2021-08-12T09:50:49","modified_gmt":"2021-08-12T09:50:49","slug":"nota-prawna","status":"publish","type":"page","link":"https:\/\/krzysztofkosowski.art\/pl\/nota-prawna\/","title":{"rendered":"Nota Prawna"},"content":{"rendered":"<div class=\"fusion-fullwidth fullwidth-box fusion-builder-row-1 fusion-flex-container nonhundred-percent-fullwidth non-hundred-percent-height-scrolling\" style=\"--awb-border-radius-top-left:0px;--awb-border-radius-top-right:0px;--awb-border-radius-bottom-right:0px;--awb-border-radius-bottom-left:0px;--awb-flex-wrap:wrap;\" ><div class=\"fusion-builder-row fusion-row fusion-flex-align-items-flex-start fusion-flex-content-wrap\" style=\"max-width:83.2%;margin-left: calc(-4% \/ 2 );margin-right: calc(-4% \/ 2 );\"><div class=\"fusion-layout-column fusion_builder_column fusion-builder-column-0 fusion_builder_column_1_1 1_1 fusion-flex-column\" style=\"--awb-bg-size:cover;--awb-width-large:100%;--awb-margin-top-large:20px;--awb-spacing-right-large:1.92%;--awb-margin-bottom-large:20px;--awb-spacing-left-large:1.92%;--awb-width-medium:100%;--awb-order-medium:0;--awb-spacing-right-medium:1.92%;--awb-spacing-left-medium:1.92%;--awb-width-small:100%;--awb-order-small:0;--awb-spacing-right-small:1.92%;--awb-spacing-left-small:1.92%;\"><div class=\"fusion-column-wrapper fusion-column-has-shadow fusion-flex-justify-content-flex-start fusion-content-layout-column\"><div class=\"fusion-text fusion-text-1\"><h3><strong>W\u0141A\u015aCICIEL STRONY INTERNETOWEJ<\/strong><\/h3>\n<p>W\u0142a\u015bcicielem strony internetowej <a href=\"https:\/\/krzysztofkosowski.art\/pl\/\">www.krzysztofkosowski.art<\/a> jest Krzysztof Kosowski.<\/p>\n<ol>\n<li>Telefon: <span class=\"fusion-contact-info-phone-number\"><a href=\"tel:+34660095251\">M. <\/a><a class=\"cursor-customizer103 cursor-customizer104 cursor-customizer105 cursor-customizer106\" href=\"tel:+34651198201\">+34 651 19 82 01<\/a><\/span><\/li>\n<li>Email: hello@krzysztofkosowski<\/li>\n<\/ol>\n<h3><strong>TRE\u015a\u0106 I KORZYSTANIE ZE STRONY INTERNETOWEJ<\/strong><\/h3>\n<p>Strona internetowa <a href=\"https:\/\/krzysztofkosowski.art\/pl\/\">www.krzysztofkosowski.art<\/a>, ma jako cel dostarczenie informacji o wszystkich us\u0142ugach oferowanych przez Krzysztofa Kosowskiego. Ka\u017cda osoba wchodz\u0105ca na t\u0119 stron\u0119 internetow\u0105 przyjmuje status U\u017cytkownika i zobowi\u0105zuje si\u0119 do przestrzegania i stosowania si\u0119 do wskaz\u00f3wek wyszczeg\u00f3lnionych w niniejszej nocie prawnej, jak r\u00f3wnie\u017c we wszelkich przepisach prawnych, kt\u00f3re mog\u0105 mie\u0107 zastosowanie.<\/p>\n<h3><\/h3>\n<h3><strong>POLITYKA PRYWATNO\u015aCI I OCHRONY DANYCH<\/strong><\/h3>\n<p>Ze wszystkimi informacjami dotycz\u0105cymi przetwarzania danych osobowych mo\u017cna sie zapozna\u0107, wchodz\u0105c na nasz\u0105 stron\u0119 internetow\u0105\u00a0<a href=\"https:\/\/krzysztofkosowski.art\/pl\/polityka-prywatnosci\/\"><strong><em><u>Polityka Prywatno\u015bci<\/u><\/em><\/strong><\/a>.<\/p>\n<h3><strong>KORZYSTANIE Z PLIK\u00d3W COOKIES<\/strong><\/h3>\n<p>Cookie to plik, kt\u00f3ry jest pobierany na komputer U\u017cytkownika podczas wchodzenia na niekt\u00f3re strony internetowe. Pliki cookie umo\u017cliwiaj\u0105 stronie internetowej m.in. przechowywanie i pobieranie informacji o zwyczajach przegl\u0105dania strony przez U\u017cytkownika lub jego komputera. W zale\u017cno\u015bci od zawartych w nich informacji i sposobu ich wykorzystania, mog\u0105 one pos\u0142u\u017cy\u0107 do rozpoznania U\u017cytkownika. Informacje na temat u\u017cywanych przez nas plik\u00f3w cookie, kt\u00f3re s\u0105 niezb\u0119dne do nawigacji, mo\u017cna znale\u017a\u0107 na stronie\u00a0<a href=\"https:\/\/krzysztofkosowski.art\/pl\/polityka-cookies\/\"><strong><em><u>Stosowanie plik\u00f3w Cookies<\/u><\/em><\/strong><\/a>.<\/p>\n<h3><strong>LINKI DO STRON TRZECICH<\/strong><\/h3>\n<p>W przypadku link\u00f3w do stron internetowych os\u00f3b trzecich, U\u017cytkownika obowi\u0105zuj\u0105 Warunki u\u017cytkowania i Polityka Prywatno\u015bci nowej strony internetowej, przy czym Krzysztof Kosowski nie ponosi odpowiedzialno\u015bci za korzystanie z tych stron. W przypadku, gdy Krzysztof Kosowski posiada\u0142by faktyczn\u0105 wiedz\u0119 na temat nielegalno\u015bci tre\u015bci zawartych w takich linkach do stron internetowych os\u00f3b trzecich, natychmiast usuniemy taki link i poinformujemy o tym fakcie odpowiednie w\u0142adze.<\/p>\n<h3><\/h3>\n<h3><strong>WYKLUCZENIE ODPOWIEDZIALNO\u015aCI<\/strong><\/h3>\n<p>Krzysztof Kosowski nie ponosi odpowiedzialno\u015bci za przerwy w normalnym funkcjonowaniu strony internetowej spowodowane si\u0142\u0105 wy\u017csz\u0105, jak r\u00f3wnie\u017c za przyczyny niezale\u017cne od Krzysztofa Kosowskiego, kt\u00f3re mog\u0105 spowodowa\u0107 ca\u0142kowity lub cz\u0119\u015bciowy brak dzia\u0142ania serwisu internetowego, a tak\u017ce za pos\u0142ugiwanie si\u0119 przez naszych U\u017cytkownik\u00f3w nieprawdziwymi danymi.<\/p>\n<h3><strong>PRAWA AUTORSKIE<\/strong><\/h3>\n<p>Wszystkie znaki, loga, nazwy handlowe, teksty, grafiki, obrazy, oprogramowanie, linki i informacje wszelkiego rodzaju, kt\u00f3re pojawiaj\u0105 si\u0119 na tej stronie s\u0105 w\u0142asno\u015bci\u0105 Krzysztofa Kosowskiego i dlatego nie mog\u0105 by\u0107 powielane, rozpowszechniane, publicznie przekazywane, przekszta\u0142cane lub modyfikowane bez uprzedniej wyra\u017anej zgody.<\/p>\n<h3><strong>PRAWO W\u0141A\u015aCIWE I JURYSDYKCJA<\/strong><\/h3>\n<p>Do rozstrzygania wszelkich ewentualnych spor\u00f3w lub pyta\u0144, kt\u00f3re mog\u0105 wynikn\u0105\u0107 z niniejszej strony internetowej lub czynno\u015bci na niej wykonywanych, zastosowanie ma ustawodawstwo hiszpa\u0144skie, kt\u00f3remu strony wyra\u017anie si\u0119 podporz\u0105dkowuj\u0105, a do rozstrzygania wszelkich spor\u00f3w wynikaj\u0105cych lub zwi\u0105zanych z korzystaniej z niej w\u0142a\u015bciwe s\u0105 s\u0105dy i trybuna\u0142y miasta Malaga, z wyj\u0105tkiem przypadk\u00f3w, w kt\u00f3rych u\u017cytkownik jest konsumentem, w tym przypadku strony podporz\u0105dkuj\u0105 si\u0119 s\u0105dom i trybuna\u0142om miejsca zamieszkania tego ostatniego. <\/p>\n<h3><strong>ZMIANA NOTY PRAWNEJ<\/strong><\/h3>\n<p>Krzysztof Kosowski zastrzega sobie prawo do zmiany niniejszej informacji prawnej w ka\u017cdym przypadku, w kr\u00f3rym uzna to za stosowne. U\u017cytkownik zobowi\u0105zuje si\u0119 do zapoznania si\u0119 z tre\u015bci\u0105 niniejszej informacji prawnej, poniewa\u017c mo\u017ce ona zosta\u0107 zmieniona bez uprzedzenia. U\u017cytkownik rozumie i akceptuje wszystkie klauzule zawarte w niniejszym dokumencie. U\u017cytkownik ponosi wy\u0142\u0105czn\u0105 odpowiedzialno\u015b\u0107 za zapoznanie si\u0119 z wy\u017cej wymienionymi warunkami.<\/p>\n<\/div><\/div><\/div><\/div><\/div>\n","protected":false},"excerpt":{"rendered":"","protected":false},"author":1,"featured_media":0,"parent":0,"menu_order":0,"comment_status":"closed","ping_status":"closed","template":"","meta":{"footnotes":""},"class_list":["post-3291","page","type-page","status-publish","hentry"],"yoast_head":"<!-- This site is optimized with the Yoast SEO plugin v26.2 - https:\/\/yoast.com\/wordpress\/plugins\/seo\/ -->\n<title>Nota Prawna - WEB OFICIAL KRZYSZTOF KOSOWSKI<\/title>\n<meta name=\"robots\" content=\"index, follow, max-snippet:-1, max-image-preview:large, max-video-preview:-1\" \/>\n<link rel=\"canonical\" href=\"https:\/\/krzysztofkosowski.art\/pl\/nota-prawna\/\" \/>\n<meta property=\"og:locale\" content=\"pl_PL\" \/>\n<meta property=\"og:type\" content=\"article\" \/>\n<meta property=\"og:title\" content=\"Nota Prawna - WEB OFICIAL KRZYSZTOF KOSOWSKI\" \/>\n<meta property=\"og:url\" content=\"https:\/\/krzysztofkosowski.art\/pl\/nota-prawna\/\" \/>\n<meta property=\"og:site_name\" content=\"WEB OFICIAL KRZYSZTOF KOSOWSKI\" \/>\n<meta property=\"article:publisher\" content=\"https:\/\/es-es.facebook.com\/people\/Krzysztof-Kosowski\/100063014959674\/\" \/>\n<meta property=\"article:modified_time\" content=\"2021-08-12T09:50:49+00:00\" \/>\n<meta name=\"twitter:card\" content=\"summary_large_image\" \/>\n<meta name=\"twitter:label1\" content=\"Szacowany czas czytania\" \/>\n\t<meta name=\"twitter:data1\" content=\"6 minut\" \/>\n<script type=\"application\/ld+json\" class=\"yoast-schema-graph\">{\"@context\":\"https:\/\/schema.org\",\"@graph\":[{\"@type\":\"WebPage\",\"@id\":\"https:\/\/krzysztofkosowski.art\/pl\/nota-prawna\/\",\"url\":\"https:\/\/krzysztofkosowski.art\/pl\/nota-prawna\/\",\"name\":\"Nota Prawna - WEB OFICIAL KRZYSZTOF KOSOWSKI\",\"isPartOf\":{\"@id\":\"https:\/\/krzysztofkosowski.art\/pl\/#website\"},\"datePublished\":\"2021-08-12T08:34:53+00:00\",\"dateModified\":\"2021-08-12T09:50:49+00:00\",\"breadcrumb\":{\"@id\":\"https:\/\/krzysztofkosowski.art\/pl\/nota-prawna\/#breadcrumb\"},\"inLanguage\":\"pl-PL\",\"potentialAction\":[{\"@type\":\"ReadAction\",\"target\":[\"https:\/\/krzysztofkosowski.art\/pl\/nota-prawna\/\"]}]},{\"@type\":\"BreadcrumbList\",\"@id\":\"https:\/\/krzysztofkosowski.art\/pl\/nota-prawna\/#breadcrumb\",\"itemListElement\":[{\"@type\":\"ListItem\",\"position\":1,\"name\":\"Portada\",\"item\":\"https:\/\/krzysztofkosowski.art\/pl\/\"},{\"@type\":\"ListItem\",\"position\":2,\"name\":\"Nota Prawna\"}]},{\"@type\":\"WebSite\",\"@id\":\"https:\/\/krzysztofkosowski.art\/pl\/#website\",\"url\":\"https:\/\/krzysztofkosowski.art\/pl\/\",\"name\":\"WEB OFICIAL Krzysztof Kosowski\",\"description\":\"Obra y exposiciones\",\"publisher\":{\"@id\":\"https:\/\/krzysztofkosowski.art\/pl\/#organization\"},\"potentialAction\":[{\"@type\":\"SearchAction\",\"target\":{\"@type\":\"EntryPoint\",\"urlTemplate\":\"https:\/\/krzysztofkosowski.art\/pl\/?s={search_term_string}\"},\"query-input\":{\"@type\":\"PropertyValueSpecification\",\"valueRequired\":true,\"valueName\":\"search_term_string\"}}],\"inLanguage\":\"pl-PL\"},{\"@type\":\"Organization\",\"@id\":\"https:\/\/krzysztofkosowski.art\/pl\/#organization\",\"name\":\"Krzysztof Kosowski\",\"url\":\"https:\/\/krzysztofkosowski.art\/pl\/\",\"logo\":{\"@type\":\"ImageObject\",\"inLanguage\":\"pl-PL\",\"@id\":\"https:\/\/krzysztofkosowski.art\/pl\/#\/schema\/logo\/image\/\",\"url\":\"https:\/\/krzysztofkosowski.art\/wp-content\/uploads\/2021\/07\/neu_port_35.jpg\",\"contentUrl\":\"https:\/\/krzysztofkosowski.art\/wp-content\/uploads\/2021\/07\/neu_port_35.jpg\",\"width\":333,\"height\":500,\"caption\":\"Krzysztof Kosowski\"},\"image\":{\"@id\":\"https:\/\/krzysztofkosowski.art\/pl\/#\/schema\/logo\/image\/\"},\"sameAs\":[\"https:\/\/es-es.facebook.com\/people\/Krzysztof-Kosowski\/100063014959674\/\"]}]}<\/script>\n<!-- \/ Yoast SEO plugin. -->","yoast_head_json":{"title":"Nota Prawna - WEB OFICIAL KRZYSZTOF KOSOWSKI","robots":{"index":"index","follow":"follow","max-snippet":"max-snippet:-1","max-image-preview":"max-image-preview:large","max-video-preview":"max-video-preview:-1"},"canonical":"https:\/\/krzysztofkosowski.art\/pl\/nota-prawna\/","og_locale":"pl_PL","og_type":"article","og_title":"Nota Prawna - WEB OFICIAL KRZYSZTOF KOSOWSKI","og_url":"https:\/\/krzysztofkosowski.art\/pl\/nota-prawna\/","og_site_name":"WEB OFICIAL KRZYSZTOF KOSOWSKI","article_publisher":"https:\/\/es-es.facebook.com\/people\/Krzysztof-Kosowski\/100063014959674\/","article_modified_time":"2021-08-12T09:50:49+00:00","twitter_card":"summary_large_image","twitter_misc":{"Szacowany czas czytania":"6 minut"},"schema":{"@context":"https:\/\/schema.org","@graph":[{"@type":"WebPage","@id":"https:\/\/krzysztofkosowski.art\/pl\/nota-prawna\/","url":"https:\/\/krzysztofkosowski.art\/pl\/nota-prawna\/","name":"Nota Prawna - WEB OFICIAL KRZYSZTOF KOSOWSKI","isPartOf":{"@id":"https:\/\/krzysztofkosowski.art\/pl\/#website"},"datePublished":"2021-08-12T08:34:53+00:00","dateModified":"2021-08-12T09:50:49+00:00","breadcrumb":{"@id":"https:\/\/krzysztofkosowski.art\/pl\/nota-prawna\/#breadcrumb"},"inLanguage":"pl-PL","potentialAction":[{"@type":"ReadAction","target":["https:\/\/krzysztofkosowski.art\/pl\/nota-prawna\/"]}]},{"@type":"BreadcrumbList","@id":"https:\/\/krzysztofkosowski.art\/pl\/nota-prawna\/#breadcrumb","itemListElement":[{"@type":"ListItem","position":1,"name":"Portada","item":"https:\/\/krzysztofkosowski.art\/pl\/"},{"@type":"ListItem","position":2,"name":"Nota Prawna"}]},{"@type":"WebSite","@id":"https:\/\/krzysztofkosowski.art\/pl\/#website","url":"https:\/\/krzysztofkosowski.art\/pl\/","name":"WEB OFICIAL Krzysztof Kosowski","description":"Obra y exposiciones","publisher":{"@id":"https:\/\/krzysztofkosowski.art\/pl\/#organization"},"potentialAction":[{"@type":"SearchAction","target":{"@type":"EntryPoint","urlTemplate":"https:\/\/krzysztofkosowski.art\/pl\/?s={search_term_string}"},"query-input":{"@type":"PropertyValueSpecification","valueRequired":true,"valueName":"search_term_string"}}],"inLanguage":"pl-PL"},{"@type":"Organization","@id":"https:\/\/krzysztofkosowski.art\/pl\/#organization","name":"Krzysztof Kosowski","url":"https:\/\/krzysztofkosowski.art\/pl\/","logo":{"@type":"ImageObject","inLanguage":"pl-PL","@id":"https:\/\/krzysztofkosowski.art\/pl\/#\/schema\/logo\/image\/","url":"https:\/\/krzysztofkosowski.art\/wp-content\/uploads\/2021\/07\/neu_port_35.jpg","contentUrl":"https:\/\/krzysztofkosowski.art\/wp-content\/uploads\/2021\/07\/neu_port_35.jpg","width":333,"height":500,"caption":"Krzysztof Kosowski"},"image":{"@id":"https:\/\/krzysztofkosowski.art\/pl\/#\/schema\/logo\/image\/"},"sameAs":["https:\/\/es-es.facebook.com\/people\/Krzysztof-Kosowski\/100063014959674\/"]}]}},"_links":{"self":[{"href":"https:\/\/krzysztofkosowski.art\/pl\/wp-json\/wp\/v2\/pages\/3291","targetHints":{"allow":["GET"]}}],"collection":[{"href":"https:\/\/krzysztofkosowski.art\/pl\/wp-json\/wp\/v2\/pages"}],"about":[{"href":"https:\/\/krzysztofkosowski.art\/pl\/wp-json\/wp\/v2\/types\/page"}],"author":[{"embeddable":true,"href":"https:\/\/krzysztofkosowski.art\/pl\/wp-json\/wp\/v2\/users\/1"}],"replies":[{"embeddable":true,"href":"https:\/\/krzysztofkosowski.art\/pl\/wp-json\/wp\/v2\/comments?post=3291"}],"version-history":[{"count":11,"href":"https:\/\/krzysztofkosowski.art\/pl\/wp-json\/wp\/v2\/pages\/3291\/revisions"}],"predecessor-version":[{"id":3311,"href":"https:\/\/krzysztofkosowski.art\/pl\/wp-json\/wp\/v2\/pages\/3291\/revisions\/3311"}],"wp:attachment":[{"href":"https:\/\/krzysztofkosowski.art\/pl\/wp-json\/wp\/v2\/media?parent=3291"}],"curies":[{"name":"wp","href":"https:\/\/api.w.org\/{rel}","templated":true}]}}