{"id":3294,"date":"2021-08-12T09:21:16","date_gmt":"2021-08-12T09:21:16","guid":{"rendered":"https:\/\/krzysztofkosowski.art\/polityka-cookies\/"},"modified":"2021-08-12T09:21:17","modified_gmt":"2021-08-12T09:21:17","slug":"polityka-cookies","status":"publish","type":"page","link":"https:\/\/krzysztofkosowski.art\/pl\/polityka-cookies\/","title":{"rendered":"Polityka Cookies"},"content":{"rendered":"<div class=\"fusion-fullwidth fullwidth-box fusion-builder-row-1 fusion-flex-container nonhundred-percent-fullwidth non-hundred-percent-height-scrolling\" style=\"--awb-border-radius-top-left:0px;--awb-border-radius-top-right:0px;--awb-border-radius-bottom-right:0px;--awb-border-radius-bottom-left:0px;--awb-flex-wrap:wrap;\" ><div class=\"fusion-builder-row fusion-row fusion-flex-align-items-flex-start fusion-flex-content-wrap\" style=\"max-width:83.2%;margin-left: calc(-4% \/ 2 );margin-right: calc(-4% \/ 2 );\"><div class=\"fusion-layout-column fusion_builder_column fusion-builder-column-0 fusion_builder_column_1_1 1_1 fusion-flex-column\" style=\"--awb-bg-size:cover;--awb-width-large:100%;--awb-margin-top-large:20px;--awb-spacing-right-large:1.92%;--awb-margin-bottom-large:20px;--awb-spacing-left-large:1.92%;--awb-width-medium:100%;--awb-order-medium:0;--awb-spacing-right-medium:1.92%;--awb-spacing-left-medium:1.92%;--awb-width-small:100%;--awb-order-small:0;--awb-spacing-right-small:1.92%;--awb-spacing-left-small:1.92%;\"><div class=\"fusion-column-wrapper fusion-column-has-shadow fusion-flex-justify-content-flex-start fusion-content-layout-column\"><div class=\"fusion-text fusion-text-1\"><section id=\"content\">\n<div id=\"post-1147\" class=\"post-1147 page type-page status-publish hentry\">\n<div class=\"post-content\">\n<div class=\"cli_pg_page_contaner\">\n<div class=\"fusion-text\">\n<h3 data-fontsize=\"24\" data-lineheight=\"30\">Polityka cookies<\/h3>\n<p><em>Cookie<\/em> to ma\u0142y plik tekstowy, kt\u00f3ry jest przechowywany w przegl\u0105darce podczas odwiedzania prawie ka\u017cdej strony internetowej. Jest to przydatne dla witryny, aby m\u00f3c zapami\u0119ta\u0107 Twoj\u0105 wizyt\u0119, gdy ponownie odwiedzisz t\u0119 stron\u0119. Pliki <em>cookies<\/em> przechowuj\u0105 zazwyczaj informacje o charakterze technicznym, preferencje osobiste, personalizacj\u0119 tre\u015bci, statystyki u\u017cytkowania, linki do sieci spo\u0142eczno\u015bciowych, dost\u0119p do kont u\u017cytkownik\u00f3w, itp. Celem <em>cookie<\/em> jest dostosowanie zawarto\u015bci strony internetowej do Twojego profilu i potrzeb, bez <em>cookies<\/em> us\u0142ugi oferowane przez ka\u017cd\u0105 stron\u0119 by\u0142yby znacznie ograniczone. Wi\u0119cej informacji o tym, czym s\u0105 <em>cookies<\/em>, co przechowuj\u0105, jak je usun\u0105\u0107, dezaktywowa\u0107 itp, <a href=\"https:\/\/krzysztofkosowski.art\/pl\/wiecej-informacji-o-cookies\/\" target=\"_blank\" rel=\"noopener noreferrer\">mo\u017cna znale\u017a\u0107 w sekcji.<\/a><\/p>\n<h3 data-fontsize=\"24\" data-lineheight=\"30\">Pliki Cookies u\u017cywane na tej stronie<\/h3>\n<p>Zgodnie z wytycznymi Hiszpa\u0144skiej Agencji Ochrony Danych, przyst\u0119pujemy do szczeg\u00f3\u0142owego opisu wykorzystania <em>cookies<\/em> przez t\u0119 stron\u0119 internetow\u0105 w celu jak najdok\u0142adniejszego poinformowania o tym Pa\u0144stwa.<\/p>\n<p>Ta strona wykorzystuje nast\u0119puj\u0105ce <strong>w\u0142asne pliki cookies<\/strong>:<\/p>\n<ul>\n<li>Pliki Cookies sesyjne, aby upewni\u0107 si\u0119, \u017ce u\u017cytkownicy pisz\u0105cy komentarze na blogu s\u0105 lud\u017ami, a nie zautomatyzowanymi aplikacjami. W ten spos\u00f3b zwalczany jest <em>spam<\/em>.<\/li>\n<\/ul>\n<p>Ta strona korzysta z nast\u0119puj\u0105cych <strong>plik\u00f3w cookies os\u00f3b trzecich<\/strong>:<\/p>\n<ul>\n<li>Google Analytics: Przechowuje <em>cookies<\/em> w celu opracowania statystyk dotycz\u0105cych ruchu i liczby odwiedzin na tej stronie. Korzystaj\u0105c z tej strony internetowej wyra\u017casz zgod\u0119 na przetwarzanie informacji o Tobie przez Google. W zwi\u0105zku z tym, korzystanie z wszelkich praw w tym zakresie powinno odbywa\u0107 si\u0119 poprzez komunikacj\u0119 bezpo\u015brednio z Google.<\/li>\n<li>Media spo\u0142eczno\u015bciowe: Ka\u017cde media spo\u0142eczno\u015bciowe u\u017cywaj\u0105 swoich w\u0142asnych <em>cookies<\/em>, aby u\u017cytkownik m\u00f3g\u0142 klikn\u0105\u0107 na przyciski <em>Lubi\u0119 to<\/em> o <em>Podziel si\u0119<\/em>.<\/li>\n<\/ul>\n<h3 data-fontsize=\"24\" data-lineheight=\"30\">Wy\u0142\u0105czenie lub usuwanie plik\u00f3w cookies<\/h3>\n<p>U\u017cytkownik mo\u017ce w ka\u017cdej chwili skorzysta\u0107 z prawa do wy\u0142\u0105czenia lub usuni\u0119cia plik\u00f3w cookie z tej strony internetowej. Czynno\u015bci te s\u0105 wykonywane w r\u00f3\u017cny spos\u00f3b w zale\u017cno\u015bci od u\u017cywanej przegl\u0105darki. <a href=\"https:\/\/krzysztofkosowski.art\/pl\/wiecej-informacji-o-cookies\/\">Oto kr\u00f3tki przewodnik po najpopularniejszych przegl\u0105darkach<\/a>.<\/p>\n<h3 data-fontsize=\"24\" data-lineheight=\"30\">Uwagi dodatkowe<\/h3>\n<ul>\n<li>Ani ta strona internetowa, ani jej prawni przedstawiciele nie ponosz\u0105 odpowiedzialno\u015bci za tre\u015b\u0107 lub prawdziwo\u015b\u0107 polityki prywatno\u015bci stron trzecich wymienionych w niniejszej polityce <em>cookies<\/em>.<\/li>\n<li>Przegl\u0105darki internetowe s\u0105 narz\u0119dziami odpowiedzialnymi za przechowywanie <em>cookies<\/em> i to w\u0142a\u015bnie tam powinno si\u0119 skorzysta\u0107 z prawa do ich usuni\u0119cia lub dezaktywacji. Ani ta strona internetowa, ani jej prawni przedstawiciele nie mog\u0105 zagwarantowa\u0107 prawid\u0142owej lub nieprawid\u0142owej obs\u0142ugi <em>cookies<\/em> przez wy\u017cej wymienione przegl\u0105darki.<\/li>\n<li>W niekt\u00f3rych przypadkach konieczne jest zainstalowanie <em>cookies<\/em>, aby przegl\u0105darka nie zapomnia\u0142a Twojej decyzji o ich odrzuceniu.<\/li>\n<li>W przypadku <em>cookies<\/em> Google Analytics, firma ta przechowuje <em>cookies<\/em> na serwerach znajduj\u0105cych si\u0119 w Stanach Zjednoczonych i zobowi\u0105zuje si\u0119 nie udost\u0119pnia\u0107 ich osobom trzecim, z wyj\u0105tkiem przypadk\u00f3w, gdy jest to niezb\u0119dne do dzia\u0142ania systemu lub gdy wymaga tego prawo. Wed\u0142ug Google nie przechowuje Twojego adresu IP. Google Inc. jest cz\u0142onkiem porozumienia Safe Harbour, kt\u00f3re gwarantuje, \u017ce wszystkie przekazywane dane b\u0119d\u0105 traktowane z zachowaniem poziomu ochrony zgodnego z europejskimi standardami. Szczeg\u00f3\u0142owe informacje na ten temat mo\u017cna znale\u017a\u0107 na stronie <a href=\"http:\/\/safeharbor.export.gov\/companyinfo.aspx?id=16626\" target=\"_blank\" rel=\"noopener noreferrer\">en este enlace<\/a>. Aby uzyska\u0107 informacje na temat korzystania z plik\u00f3w cookie przez Google <a href=\"https:\/\/developers.google.com\/analytics\/devguides\/collection\/analyticsjs\/cookie-usage?hl=es&amp;csw=1\" target=\"_blank\" rel=\"noopener noreferrer\"> podajemy inny link w za\u0142\u0105czniku <\/a>.<\/li>\n<li>Je\u015bli masz jakiekolwiek w\u0105tpliwo\u015bci lub pytania dotycz\u0105ce <em>cookies<\/em>, prosimy o kontakt z nami poprzez sekcj\u0119 kontaktow\u0105.<\/li>\n<\/ul>\n<\/div>\n<\/div>\n<\/div>\n<\/div>\n<\/section>\n<\/div><\/div><\/div><\/div><\/div>\n","protected":false},"excerpt":{"rendered":"","protected":false},"author":1,"featured_media":0,"parent":0,"menu_order":0,"comment_status":"closed","ping_status":"closed","template":"","meta":{"footnotes":""},"class_list":["post-3294","page","type-page","status-publish","hentry"],"yoast_head":"<!-- This site is optimized with the Yoast SEO plugin v26.2 - https:\/\/yoast.com\/wordpress\/plugins\/seo\/ -->\n<title>Polityka Cookies - WEB OFICIAL KRZYSZTOF KOSOWSKI<\/title>\n<meta name=\"robots\" content=\"index, follow, max-snippet:-1, max-image-preview:large, max-video-preview:-1\" \/>\n<link rel=\"canonical\" href=\"https:\/\/krzysztofkosowski.art\/pl\/polityka-cookies\/\" \/>\n<meta property=\"og:locale\" content=\"pl_PL\" \/>\n<meta property=\"og:type\" content=\"article\" \/>\n<meta property=\"og:title\" content=\"Polityka Cookies - WEB OFICIAL KRZYSZTOF KOSOWSKI\" \/>\n<meta property=\"og:url\" content=\"https:\/\/krzysztofkosowski.art\/pl\/polityka-cookies\/\" \/>\n<meta property=\"og:site_name\" content=\"WEB OFICIAL KRZYSZTOF KOSOWSKI\" \/>\n<meta property=\"article:publisher\" content=\"https:\/\/es-es.facebook.com\/people\/Krzysztof-Kosowski\/100063014959674\/\" \/>\n<meta property=\"article:modified_time\" content=\"2021-08-12T09:21:17+00:00\" \/>\n<meta name=\"twitter:card\" content=\"summary_large_image\" \/>\n<meta name=\"twitter:label1\" content=\"Szacowany czas czytania\" \/>\n\t<meta name=\"twitter:data1\" content=\"6 minut\" \/>\n<script type=\"application\/ld+json\" class=\"yoast-schema-graph\">{\"@context\":\"https:\/\/schema.org\",\"@graph\":[{\"@type\":\"WebPage\",\"@id\":\"https:\/\/krzysztofkosowski.art\/pl\/polityka-cookies\/\",\"url\":\"https:\/\/krzysztofkosowski.art\/pl\/polityka-cookies\/\",\"name\":\"Polityka Cookies - WEB OFICIAL KRZYSZTOF KOSOWSKI\",\"isPartOf\":{\"@id\":\"https:\/\/krzysztofkosowski.art\/pl\/#website\"},\"datePublished\":\"2021-08-12T09:21:16+00:00\",\"dateModified\":\"2021-08-12T09:21:17+00:00\",\"breadcrumb\":{\"@id\":\"https:\/\/krzysztofkosowski.art\/pl\/polityka-cookies\/#breadcrumb\"},\"inLanguage\":\"pl-PL\",\"potentialAction\":[{\"@type\":\"ReadAction\",\"target\":[\"https:\/\/krzysztofkosowski.art\/pl\/polityka-cookies\/\"]}]},{\"@type\":\"BreadcrumbList\",\"@id\":\"https:\/\/krzysztofkosowski.art\/pl\/polityka-cookies\/#breadcrumb\",\"itemListElement\":[{\"@type\":\"ListItem\",\"position\":1,\"name\":\"Portada\",\"item\":\"https:\/\/krzysztofkosowski.art\/pl\/\"},{\"@type\":\"ListItem\",\"position\":2,\"name\":\"Polityka Cookies\"}]},{\"@type\":\"WebSite\",\"@id\":\"https:\/\/krzysztofkosowski.art\/pl\/#website\",\"url\":\"https:\/\/krzysztofkosowski.art\/pl\/\",\"name\":\"WEB OFICIAL Krzysztof Kosowski\",\"description\":\"Obra y exposiciones\",\"publisher\":{\"@id\":\"https:\/\/krzysztofkosowski.art\/pl\/#organization\"},\"potentialAction\":[{\"@type\":\"SearchAction\",\"target\":{\"@type\":\"EntryPoint\",\"urlTemplate\":\"https:\/\/krzysztofkosowski.art\/pl\/?s={search_term_string}\"},\"query-input\":{\"@type\":\"PropertyValueSpecification\",\"valueRequired\":true,\"valueName\":\"search_term_string\"}}],\"inLanguage\":\"pl-PL\"},{\"@type\":\"Organization\",\"@id\":\"https:\/\/krzysztofkosowski.art\/pl\/#organization\",\"name\":\"Krzysztof Kosowski\",\"url\":\"https:\/\/krzysztofkosowski.art\/pl\/\",\"logo\":{\"@type\":\"ImageObject\",\"inLanguage\":\"pl-PL\",\"@id\":\"https:\/\/krzysztofkosowski.art\/pl\/#\/schema\/logo\/image\/\",\"url\":\"https:\/\/krzysztofkosowski.art\/wp-content\/uploads\/2021\/07\/neu_port_35.jpg\",\"contentUrl\":\"https:\/\/krzysztofkosowski.art\/wp-content\/uploads\/2021\/07\/neu_port_35.jpg\",\"width\":333,\"height\":500,\"caption\":\"Krzysztof Kosowski\"},\"image\":{\"@id\":\"https:\/\/krzysztofkosowski.art\/pl\/#\/schema\/logo\/image\/\"},\"sameAs\":[\"https:\/\/es-es.facebook.com\/people\/Krzysztof-Kosowski\/100063014959674\/\"]}]}<\/script>\n<!-- \/ Yoast SEO plugin. -->","yoast_head_json":{"title":"Polityka Cookies - WEB OFICIAL KRZYSZTOF KOSOWSKI","robots":{"index":"index","follow":"follow","max-snippet":"max-snippet:-1","max-image-preview":"max-image-preview:large","max-video-preview":"max-video-preview:-1"},"canonical":"https:\/\/krzysztofkosowski.art\/pl\/polityka-cookies\/","og_locale":"pl_PL","og_type":"article","og_title":"Polityka Cookies - WEB OFICIAL KRZYSZTOF KOSOWSKI","og_url":"https:\/\/krzysztofkosowski.art\/pl\/polityka-cookies\/","og_site_name":"WEB OFICIAL KRZYSZTOF KOSOWSKI","article_publisher":"https:\/\/es-es.facebook.com\/people\/Krzysztof-Kosowski\/100063014959674\/","article_modified_time":"2021-08-12T09:21:17+00:00","twitter_card":"summary_large_image","twitter_misc":{"Szacowany czas czytania":"6 minut"},"schema":{"@context":"https:\/\/schema.org","@graph":[{"@type":"WebPage","@id":"https:\/\/krzysztofkosowski.art\/pl\/polityka-cookies\/","url":"https:\/\/krzysztofkosowski.art\/pl\/polityka-cookies\/","name":"Polityka Cookies - WEB OFICIAL KRZYSZTOF KOSOWSKI","isPartOf":{"@id":"https:\/\/krzysztofkosowski.art\/pl\/#website"},"datePublished":"2021-08-12T09:21:16+00:00","dateModified":"2021-08-12T09:21:17+00:00","breadcrumb":{"@id":"https:\/\/krzysztofkosowski.art\/pl\/polityka-cookies\/#breadcrumb"},"inLanguage":"pl-PL","potentialAction":[{"@type":"ReadAction","target":["https:\/\/krzysztofkosowski.art\/pl\/polityka-cookies\/"]}]},{"@type":"BreadcrumbList","@id":"https:\/\/krzysztofkosowski.art\/pl\/polityka-cookies\/#breadcrumb","itemListElement":[{"@type":"ListItem","position":1,"name":"Portada","item":"https:\/\/krzysztofkosowski.art\/pl\/"},{"@type":"ListItem","position":2,"name":"Polityka Cookies"}]},{"@type":"WebSite","@id":"https:\/\/krzysztofkosowski.art\/pl\/#website","url":"https:\/\/krzysztofkosowski.art\/pl\/","name":"WEB OFICIAL Krzysztof Kosowski","description":"Obra y exposiciones","publisher":{"@id":"https:\/\/krzysztofkosowski.art\/pl\/#organization"},"potentialAction":[{"@type":"SearchAction","target":{"@type":"EntryPoint","urlTemplate":"https:\/\/krzysztofkosowski.art\/pl\/?s={search_term_string}"},"query-input":{"@type":"PropertyValueSpecification","valueRequired":true,"valueName":"search_term_string"}}],"inLanguage":"pl-PL"},{"@type":"Organization","@id":"https:\/\/krzysztofkosowski.art\/pl\/#organization","name":"Krzysztof Kosowski","url":"https:\/\/krzysztofkosowski.art\/pl\/","logo":{"@type":"ImageObject","inLanguage":"pl-PL","@id":"https:\/\/krzysztofkosowski.art\/pl\/#\/schema\/logo\/image\/","url":"https:\/\/krzysztofkosowski.art\/wp-content\/uploads\/2021\/07\/neu_port_35.jpg","contentUrl":"https:\/\/krzysztofkosowski.art\/wp-content\/uploads\/2021\/07\/neu_port_35.jpg","width":333,"height":500,"caption":"Krzysztof Kosowski"},"image":{"@id":"https:\/\/krzysztofkosowski.art\/pl\/#\/schema\/logo\/image\/"},"sameAs":["https:\/\/es-es.facebook.com\/people\/Krzysztof-Kosowski\/100063014959674\/"]}]}},"_links":{"self":[{"href":"https:\/\/krzysztofkosowski.art\/pl\/wp-json\/wp\/v2\/pages\/3294","targetHints":{"allow":["GET"]}}],"collection":[{"href":"https:\/\/krzysztofkosowski.art\/pl\/wp-json\/wp\/v2\/pages"}],"about":[{"href":"https:\/\/krzysztofkosowski.art\/pl\/wp-json\/wp\/v2\/types\/page"}],"author":[{"embeddable":true,"href":"https:\/\/krzysztofkosowski.art\/pl\/wp-json\/wp\/v2\/users\/1"}],"replies":[{"embeddable":true,"href":"https:\/\/krzysztofkosowski.art\/pl\/wp-json\/wp\/v2\/comments?post=3294"}],"version-history":[{"count":2,"href":"https:\/\/krzysztofkosowski.art\/pl\/wp-json\/wp\/v2\/pages\/3294\/revisions"}],"predecessor-version":[{"id":3296,"href":"https:\/\/krzysztofkosowski.art\/pl\/wp-json\/wp\/v2\/pages\/3294\/revisions\/3296"}],"wp:attachment":[{"href":"https:\/\/krzysztofkosowski.art\/pl\/wp-json\/wp\/v2\/media?parent=3294"}],"curies":[{"name":"wp","href":"https:\/\/api.w.org\/{rel}","templated":true}]}}