{"id":3297,"date":"2021-08-12T09:43:28","date_gmt":"2021-08-12T09:43:28","guid":{"rendered":"https:\/\/krzysztofkosowski.art\/polityka-prywatnosci\/"},"modified":"2021-08-12T09:43:30","modified_gmt":"2021-08-12T09:43:30","slug":"polityka-prywatnosci","status":"publish","type":"page","link":"https:\/\/krzysztofkosowski.art\/pl\/polityka-prywatnosci\/","title":{"rendered":"Polityka Prywatno\u015bci"},"content":{"rendered":"<div class=\"fusion-fullwidth fullwidth-box fusion-builder-row-1 fusion-flex-container nonhundred-percent-fullwidth non-hundred-percent-height-scrolling\" style=\"--awb-border-radius-top-left:0px;--awb-border-radius-top-right:0px;--awb-border-radius-bottom-right:0px;--awb-border-radius-bottom-left:0px;--awb-flex-wrap:wrap;\" ><div class=\"fusion-builder-row fusion-row fusion-flex-align-items-flex-start fusion-flex-content-wrap\" style=\"max-width:83.2%;margin-left: calc(-4% \/ 2 );margin-right: calc(-4% \/ 2 );\"><div class=\"fusion-layout-column fusion_builder_column fusion-builder-column-0 fusion_builder_column_1_1 1_1 fusion-flex-column\" style=\"--awb-bg-size:cover;--awb-width-large:100%;--awb-margin-top-large:0px;--awb-spacing-right-large:1.92%;--awb-margin-bottom-large:0px;--awb-spacing-left-large:1.92%;--awb-width-medium:100%;--awb-spacing-right-medium:1.92%;--awb-spacing-left-medium:1.92%;--awb-width-small:100%;--awb-spacing-right-small:1.92%;--awb-spacing-left-small:1.92%;\"><div class=\"fusion-column-wrapper fusion-flex-justify-content-flex-start fusion-content-layout-column\"><div class=\"fusion-text fusion-text-1\"><section id=\"content\">\n<div id=\"post-3\" class=\"post-3 page type-page status-publish hentry\">\n<div class=\"post-content\">\n<div class=\"wpb_column vc_column_container vc_col-sm-8\">\n<div class=\"vc_column-inner \">\n<div class=\"wpb_wrapper\">\n<div class=\"wpb_text_column wpb_content_element \">\n<div class=\"wpb_wrapper\">\n<h3><strong>DODATKOWE INFORMACJE NA TEMAT OCHRONY DANYCH<\/strong><\/h3>\n<h3><strong>Kto jest administratorem Twoich danych?<\/strong><\/h3>\n<p>Identyfikacja: Krzysztof Kosowski<br \/>Telefon: <span class=\"fusion-contact-info-phone-number\"><a href=\"tel:+34660095251\">M. <\/a><a class=\"cursor-customizer103 cursor-customizer104 cursor-customizer105 cursor-customizer106\" href=\"tel:+34651198201\">+34 651 19 82 01<\/a><\/span><br \/>Email: <a href=\"mailto: hello@KrzysztofKosowski.art\">hello@krzysztofkosowski<\/a><\/p>\n<h3><strong>Do jakich cel\u00f3w przetwarzamy Twoje dane osobowe?<\/strong><\/h3>\n<p> Na stronie KrzysztofKosowski.art, przetwarzamy informacje podane przez naszych u\u017cytkownik\u00f3w w celu rozpatrzenia ich zapyta\u0144 i komentarzy, a tak\u017ce w celu utrzymywania z nimi kontaktu, aby informowa\u0107 ich o naszych wydarzeniach\/us\u0142ugach.<\/p>\n<h3><strong>Jak d\u0142ugo b\u0119dziemy przechowywa\u0107 Twoje dane?<\/strong><\/h3>\n<p>Przekazane dane osobowe b\u0119d\u0105 przechowywane w ka\u017cdym przypadku tak d\u0142ugo, jak d\u0142ugo istnieje stosunek handlowy i przez maksymalny okres ustalony w obowi\u0105zuj\u0105cych przepisach od zako\u0144czenia tej relacji handlowej.<\/p>\n<h3><strong>Jaka jest podstawa prawna przetwarzania Twoich danych?<\/strong><\/h3>\n<p>Podstaw\u0105 prawn\u0105 przetwarzania Pa\u0144stwa danych jest wyra\u017cenie zgody poprzez zaznaczenie pola wyboru, kt\u00f3r\u0105 mog\u0105 Pa\u0144stwo w ka\u017cdej chwili odwo\u0142a\u0107.<\/p>\n<h3><strong>Jakim odbiorcom b\u0119d\u0105 przekazywane Twoje dane?<\/strong><\/h3>\n<p>Pa\u0144stwa dane nie b\u0119d\u0105 udost\u0119pniane osobom trzecim. Przekazywanie danych do innych kraj\u00f3w nie jest przewidywane.<\/p>\n<h3><strong>Jakie s\u0105 Twoje prawa, gdy udost\u0119pniasz nam swoje dane?<\/strong><\/h3>\n<p>Ka\u017cda osoba ma prawo do uzyskania potwierdzenia, czy KrzysztofKosowski.art przetwarza dane osobowe jej dotycz\u0105ce, czy te\u017c nie.<\/p>\n<p> Osoby zainteresowane maj\u0105 prawo dost\u0119pu do swoich danych osobowych, jak r\u00f3wnie\u017c do \u017c\u0105dania poprawienia nieprawid\u0142owych danych lub, w stosownych przypadkach, do \u017c\u0105dania ich usuni\u0119cia, je\u017celi, mi\u0119dzy innymi, dane te nie s\u0105 ju\u017c potrzebne do cel\u00f3w, dla kt\u00f3rych zosta\u0142y <br \/>zgromadzone.<\/p>\n<p>W pewnych okoliczno\u015bciach osoby, kt\u00f3rych dane dotycz\u0105, mog\u0105 za\u017c\u0105da\u0107, aby\u015bmy ograniczyli przetwarzanie ich danych; w takim przypadku b\u0119dziemy je przechowywa\u0107 wy\u0142\u0105cznie w celu dochodzenia lub obrony roszcze\u0144.<\/p>\n<p>W pewnych okoliczno\u015bciach i z powod\u00f3w zwi\u0105zanych z ich szczeg\u00f3ln\u0105 sytuacj\u0105, osoby, kt\u00f3rych dane dotycz\u0105, mog\u0105 sprzeciwi\u0107 si\u0119 przetwarzaniu ich danych. KrzysztofKosowski.art zaprzestanie przetwarzania danych, z wyj\u0105tkiem uzasadnionych i wa\u017cnych powod\u00f3w lub dochodzenia lub obrony ewentualnych roszcze\u0144.<\/p>\n<p>Ponadto w pewnych okoliczno\u015bciach i je\u017celi jest to technicznie wykonalne, osoby, kt\u00f3rych dane dotycz\u0105, maj\u0105 prawo do tego, by na ich wniosek dane osobowe zosta\u0142y przekazane bezpo\u015brednio innemu administratorowi.<\/p>\n<p>Aby skorzysta\u0107 z tych praw, prosimy o napisanie do nas e-maila: <a href=\"mailto:hello@KrzysztofKosowski.art\">hello@KrzysztofKosowski.art<\/a>, wraz z kopi\u0105 dowodu osobistego.<\/p>\n<p> Podobnie, mo\u017cna skontaktowa\u0107 si\u0119 z Hiszpa\u0144sk\u0105 Agencj\u0105 Ochrony Danych, zw\u0142aszcza je\u015bli nie uzyskano satysfakcji z realizacji swoich praw.<\/p>\n<\/div>\n<\/div>\n<\/div>\n<\/div>\n<\/div>\n<\/div>\n<\/div>\n<\/section>\n<p>&nbsp;<\/p>\n<\/div><\/div><\/div><\/div><\/div>\n","protected":false},"excerpt":{"rendered":"","protected":false},"author":1,"featured_media":0,"parent":0,"menu_order":0,"comment_status":"closed","ping_status":"open","template":"","meta":{"footnotes":""},"class_list":["post-3297","page","type-page","status-publish","hentry"],"yoast_head":"<!-- This site is optimized with the Yoast SEO plugin v26.2 - https:\/\/yoast.com\/wordpress\/plugins\/seo\/ -->\n<title>Polityka Prywatno\u015bci - WEB OFICIAL KRZYSZTOF KOSOWSKI<\/title>\n<meta name=\"robots\" content=\"index, follow, max-snippet:-1, max-image-preview:large, max-video-preview:-1\" \/>\n<link rel=\"canonical\" href=\"https:\/\/krzysztofkosowski.art\/pl\/polityka-prywatnosci\/\" \/>\n<meta property=\"og:locale\" content=\"pl_PL\" \/>\n<meta property=\"og:type\" content=\"article\" \/>\n<meta property=\"og:title\" content=\"Polityka Prywatno\u015bci - WEB OFICIAL KRZYSZTOF KOSOWSKI\" \/>\n<meta property=\"og:url\" content=\"https:\/\/krzysztofkosowski.art\/pl\/polityka-prywatnosci\/\" \/>\n<meta property=\"og:site_name\" content=\"WEB OFICIAL KRZYSZTOF KOSOWSKI\" \/>\n<meta property=\"article:publisher\" content=\"https:\/\/es-es.facebook.com\/people\/Krzysztof-Kosowski\/100063014959674\/\" \/>\n<meta property=\"article:modified_time\" content=\"2021-08-12T09:43:30+00:00\" \/>\n<meta name=\"twitter:card\" content=\"summary_large_image\" \/>\n<meta name=\"twitter:label1\" content=\"Szacowany czas czytania\" \/>\n\t<meta name=\"twitter:data1\" content=\"3 minuty\" \/>\n<script type=\"application\/ld+json\" class=\"yoast-schema-graph\">{\"@context\":\"https:\/\/schema.org\",\"@graph\":[{\"@type\":\"WebPage\",\"@id\":\"https:\/\/krzysztofkosowski.art\/pl\/polityka-prywatnosci\/\",\"url\":\"https:\/\/krzysztofkosowski.art\/pl\/polityka-prywatnosci\/\",\"name\":\"Polityka Prywatno\u015bci - WEB OFICIAL KRZYSZTOF KOSOWSKI\",\"isPartOf\":{\"@id\":\"https:\/\/krzysztofkosowski.art\/pl\/#website\"},\"datePublished\":\"2021-08-12T09:43:28+00:00\",\"dateModified\":\"2021-08-12T09:43:30+00:00\",\"breadcrumb\":{\"@id\":\"https:\/\/krzysztofkosowski.art\/pl\/polityka-prywatnosci\/#breadcrumb\"},\"inLanguage\":\"pl-PL\",\"potentialAction\":[{\"@type\":\"ReadAction\",\"target\":[\"https:\/\/krzysztofkosowski.art\/pl\/polityka-prywatnosci\/\"]}]},{\"@type\":\"BreadcrumbList\",\"@id\":\"https:\/\/krzysztofkosowski.art\/pl\/polityka-prywatnosci\/#breadcrumb\",\"itemListElement\":[{\"@type\":\"ListItem\",\"position\":1,\"name\":\"Portada\",\"item\":\"https:\/\/krzysztofkosowski.art\/pl\/\"},{\"@type\":\"ListItem\",\"position\":2,\"name\":\"Polityka Prywatno\u015bci\"}]},{\"@type\":\"WebSite\",\"@id\":\"https:\/\/krzysztofkosowski.art\/pl\/#website\",\"url\":\"https:\/\/krzysztofkosowski.art\/pl\/\",\"name\":\"WEB OFICIAL Krzysztof Kosowski\",\"description\":\"Obra y exposiciones\",\"publisher\":{\"@id\":\"https:\/\/krzysztofkosowski.art\/pl\/#organization\"},\"potentialAction\":[{\"@type\":\"SearchAction\",\"target\":{\"@type\":\"EntryPoint\",\"urlTemplate\":\"https:\/\/krzysztofkosowski.art\/pl\/?s={search_term_string}\"},\"query-input\":{\"@type\":\"PropertyValueSpecification\",\"valueRequired\":true,\"valueName\":\"search_term_string\"}}],\"inLanguage\":\"pl-PL\"},{\"@type\":\"Organization\",\"@id\":\"https:\/\/krzysztofkosowski.art\/pl\/#organization\",\"name\":\"Krzysztof Kosowski\",\"url\":\"https:\/\/krzysztofkosowski.art\/pl\/\",\"logo\":{\"@type\":\"ImageObject\",\"inLanguage\":\"pl-PL\",\"@id\":\"https:\/\/krzysztofkosowski.art\/pl\/#\/schema\/logo\/image\/\",\"url\":\"https:\/\/krzysztofkosowski.art\/wp-content\/uploads\/2021\/07\/neu_port_35.jpg\",\"contentUrl\":\"https:\/\/krzysztofkosowski.art\/wp-content\/uploads\/2021\/07\/neu_port_35.jpg\",\"width\":333,\"height\":500,\"caption\":\"Krzysztof Kosowski\"},\"image\":{\"@id\":\"https:\/\/krzysztofkosowski.art\/pl\/#\/schema\/logo\/image\/\"},\"sameAs\":[\"https:\/\/es-es.facebook.com\/people\/Krzysztof-Kosowski\/100063014959674\/\"]}]}<\/script>\n<!-- \/ Yoast SEO plugin. -->","yoast_head_json":{"title":"Polityka Prywatno\u015bci - WEB OFICIAL KRZYSZTOF KOSOWSKI","robots":{"index":"index","follow":"follow","max-snippet":"max-snippet:-1","max-image-preview":"max-image-preview:large","max-video-preview":"max-video-preview:-1"},"canonical":"https:\/\/krzysztofkosowski.art\/pl\/polityka-prywatnosci\/","og_locale":"pl_PL","og_type":"article","og_title":"Polityka Prywatno\u015bci - WEB OFICIAL KRZYSZTOF KOSOWSKI","og_url":"https:\/\/krzysztofkosowski.art\/pl\/polityka-prywatnosci\/","og_site_name":"WEB OFICIAL KRZYSZTOF KOSOWSKI","article_publisher":"https:\/\/es-es.facebook.com\/people\/Krzysztof-Kosowski\/100063014959674\/","article_modified_time":"2021-08-12T09:43:30+00:00","twitter_card":"summary_large_image","twitter_misc":{"Szacowany czas czytania":"3 minuty"},"schema":{"@context":"https:\/\/schema.org","@graph":[{"@type":"WebPage","@id":"https:\/\/krzysztofkosowski.art\/pl\/polityka-prywatnosci\/","url":"https:\/\/krzysztofkosowski.art\/pl\/polityka-prywatnosci\/","name":"Polityka Prywatno\u015bci - WEB OFICIAL KRZYSZTOF KOSOWSKI","isPartOf":{"@id":"https:\/\/krzysztofkosowski.art\/pl\/#website"},"datePublished":"2021-08-12T09:43:28+00:00","dateModified":"2021-08-12T09:43:30+00:00","breadcrumb":{"@id":"https:\/\/krzysztofkosowski.art\/pl\/polityka-prywatnosci\/#breadcrumb"},"inLanguage":"pl-PL","potentialAction":[{"@type":"ReadAction","target":["https:\/\/krzysztofkosowski.art\/pl\/polityka-prywatnosci\/"]}]},{"@type":"BreadcrumbList","@id":"https:\/\/krzysztofkosowski.art\/pl\/polityka-prywatnosci\/#breadcrumb","itemListElement":[{"@type":"ListItem","position":1,"name":"Portada","item":"https:\/\/krzysztofkosowski.art\/pl\/"},{"@type":"ListItem","position":2,"name":"Polityka Prywatno\u015bci"}]},{"@type":"WebSite","@id":"https:\/\/krzysztofkosowski.art\/pl\/#website","url":"https:\/\/krzysztofkosowski.art\/pl\/","name":"WEB OFICIAL Krzysztof Kosowski","description":"Obra y exposiciones","publisher":{"@id":"https:\/\/krzysztofkosowski.art\/pl\/#organization"},"potentialAction":[{"@type":"SearchAction","target":{"@type":"EntryPoint","urlTemplate":"https:\/\/krzysztofkosowski.art\/pl\/?s={search_term_string}"},"query-input":{"@type":"PropertyValueSpecification","valueRequired":true,"valueName":"search_term_string"}}],"inLanguage":"pl-PL"},{"@type":"Organization","@id":"https:\/\/krzysztofkosowski.art\/pl\/#organization","name":"Krzysztof Kosowski","url":"https:\/\/krzysztofkosowski.art\/pl\/","logo":{"@type":"ImageObject","inLanguage":"pl-PL","@id":"https:\/\/krzysztofkosowski.art\/pl\/#\/schema\/logo\/image\/","url":"https:\/\/krzysztofkosowski.art\/wp-content\/uploads\/2021\/07\/neu_port_35.jpg","contentUrl":"https:\/\/krzysztofkosowski.art\/wp-content\/uploads\/2021\/07\/neu_port_35.jpg","width":333,"height":500,"caption":"Krzysztof Kosowski"},"image":{"@id":"https:\/\/krzysztofkosowski.art\/pl\/#\/schema\/logo\/image\/"},"sameAs":["https:\/\/es-es.facebook.com\/people\/Krzysztof-Kosowski\/100063014959674\/"]}]}},"_links":{"self":[{"href":"https:\/\/krzysztofkosowski.art\/pl\/wp-json\/wp\/v2\/pages\/3297","targetHints":{"allow":["GET"]}}],"collection":[{"href":"https:\/\/krzysztofkosowski.art\/pl\/wp-json\/wp\/v2\/pages"}],"about":[{"href":"https:\/\/krzysztofkosowski.art\/pl\/wp-json\/wp\/v2\/types\/page"}],"author":[{"embeddable":true,"href":"https:\/\/krzysztofkosowski.art\/pl\/wp-json\/wp\/v2\/users\/1"}],"replies":[{"embeddable":true,"href":"https:\/\/krzysztofkosowski.art\/pl\/wp-json\/wp\/v2\/comments?post=3297"}],"version-history":[{"count":1,"href":"https:\/\/krzysztofkosowski.art\/pl\/wp-json\/wp\/v2\/pages\/3297\/revisions"}],"predecessor-version":[{"id":3298,"href":"https:\/\/krzysztofkosowski.art\/pl\/wp-json\/wp\/v2\/pages\/3297\/revisions\/3298"}],"wp:attachment":[{"href":"https:\/\/krzysztofkosowski.art\/pl\/wp-json\/wp\/v2\/media?parent=3297"}],"curies":[{"name":"wp","href":"https:\/\/api.w.org\/{rel}","templated":true}]}}